{"id":10801,"date":"2026-01-08T00:08:00","date_gmt":"2026-01-07T20:08:00","guid":{"rendered":"http:\/\/reveiletreforme.adventiste.re\/?page_id=10801"},"modified":"2026-04-11T20:39:35","modified_gmt":"2026-04-11T16:39:35","slug":"comment-interpreter-les-ecritures","status":"publish","type":"page","link":"http:\/\/reveiletreforme.adventiste.re\/?page_id=10801","title":{"rendered":"Trimestre 2 : Grandir dans sa relation avec Dieu"},"content":{"rendered":"<h3 style=\"text-align: center;\"><strong>Avril &#8211; Mai &#8211; Juin<\/strong><\/h3>\n<blockquote>\n<p>Que vous ayez grandi dans l\u2019\u00c9glise adventiste du septi\u00e8me jour ou que vous soyez nouveau dans la foi; que vous ayez lu beaucoup ou peu de Guides d\u2019\u00e9tude biblique pour adultes; et, enfin, peu importe o\u00f9 vous en \u00eates sur le plan spirituel aujourd\u2019hui, le sujet de savoir comment grandir dans une relation significative avec Dieu est crucial.<\/p>\n<\/blockquote>\n\n\n<div class=\"wp-block-columns is-layout-flex wp-container-core-columns-layout-1 wp-block-columns-is-layout-flex\">\n<div class=\"wp-block-column is-layout-flow wp-block-column-is-layout-flow\">\n<div class=\"wp-block-buttons is-layout-flex wp-block-buttons-is-layout-flex\">\n<div class=\"wp-block-button\"><a class=\"wp-block-button__link has-text-align-left wp-element-button\" href=\"https:\/\/sabbath-school.adventech.io\/fr\/2026-02\/01\/01\">1. Analyse factuelle<\/a><\/div>\n<\/div>\n\n\n\n<div class=\"wp-block-buttons is-vertical is-content-justification-left is-layout-flex wp-container-core-buttons-layout-2 wp-block-buttons-is-layout-flex\">\n<div class=\"wp-block-button\"><a class=\"wp-block-button__link wp-element-button\" href=\"https:\/\/sabbath-school.adventech.io\/fr\/2026-02\/02\/01\">2. Connaitre Dieu<\/a><\/div>\n\n\n\n<div class=\"wp-block-button\"><a class=\"wp-block-button__link wp-element-button\" href=\"https:\/\/sabbath-school.adventech.io\/fr\/2026-02\/03\/01\">3. L\u2019orgueil et l\u2019humilit\u00e9<\/a><\/div>\n\n\n\n<div class=\"wp-block-button\"><a class=\"wp-block-button__link wp-element-button\" href=\"https:\/\/sabbath-school.adventech.io\/fr\/2026-02\/04\/01\">4. Le r\u00f4le de la Bible<\/a><\/div>\n\n\n\n<div class=\"wp-block-button\"><a class=\"wp-block-button__link has-text-align-left wp-element-button\" href=\"https:\/\/sabbath-school.adventech.io\/fr\/2026-02\/05\/01\">5. Comment \u00e9tudier la Bible<\/a><\/div>\n\n\n\n<div class=\"wp-block-button\"><a class=\"wp-block-button__link wp-element-button\" href=\"https:\/\/sabbath-school.adventech.io\/fr\/2026-02\/06\/01\">6. Guerriers de la pri\u00e8re<\/a><\/div>\n\n\n\n<div class=\"wp-block-button\"><a class=\"wp-block-button__link wp-element-button\" href=\"https:\/\/sabbath-school.adventech.io\/fr\/2026-02\/07\/01\">7. La pri\u00e8re pratique<\/a><\/div>\n<\/div>\n<\/div>\n\n\n\n<div class=\"wp-block-column is-layout-flow wp-block-column-is-layout-flow\">\n<div class=\"wp-block-buttons is-vertical is-layout-flex wp-container-core-buttons-layout-3 wp-block-buttons-is-layout-flex\">\n<div class=\"wp-block-button\"><a class=\"wp-block-button__link has-text-align-left wp-element-button\" href=\"https:\/\/sabbath-school.adventech.io\/fr\/2026-02\/08\/01\">8. Avoir la foi<\/a><\/div>\n\n\n\n<div class=\"wp-block-button\"><a class=\"wp-block-button__link wp-element-button\" href=\"https:\/\/sabbath-school.adventech.io\/fr\/2026-02\/09\/01\">9. Le p\u00e9ch\u00e9, l\u2019\u00e9vangile et la loi<\/a><\/div>\n\n\n\n<div class=\"wp-block-button\"><a class=\"wp-block-button__link wp-element-button\" href=\"https:\/\/sabbath-school.adventech.io\/fr\/2026-02\/10\/01\">10. La repentance et le pardon<\/a><\/div>\n\n\n\n<div class=\"wp-block-button\"><a class=\"wp-block-button__link wp-element-button\" href=\"https:\/\/sabbath-school.adventech.io\/fr\/2026-02\/11\/01\">11. Les revers<\/a><\/div>\n\n\n\n<div class=\"wp-block-button\"><a class=\"wp-block-button__link wp-element-button\" href=\"https:\/\/sabbath-school.adventech.io\/fr\/2026-02\/12\/01\">12. Le faire connaitre<\/a><\/div>\n\n\n\n<div class=\"wp-block-button\"><a class=\"wp-block-button__link has-text-align-left wp-element-button\" href=\"https:\/\/sabbath-school.adventech.io\/fr\/2026-02\/13\/01\">13. Dans l\u2019\u00e9ternit\u00e9<\/a><\/div>\n\n\n<\/div>\n<\/div>\n<\/div>\n","protected":false},"excerpt":{"rendered":"<p>Avril &#8211; Mai &#8211; Juin Que vous ayez grandi dans l\u2019\u00c9glise adventiste du septi\u00e8me jour ou que vous soyez nouveau dans la foi; que vous ayez lu beaucoup ou peu de Guides d\u2019\u00e9tude biblique pour adultes; et, enfin, peu importe o\u00f9 vous en \u00eates sur le plan spirituel aujourd\u2019hui, le sujet de savoir comment grandir [&hellip;]<\/p>\n","protected":false},"author":4,"featured_media":0,"parent":0,"menu_order":0,"comment_status":"closed","ping_status":"closed","template":"","meta":{"_exactmetrics_skip_tracking":false,"_exactmetrics_sitenote_active":false,"_exactmetrics_sitenote_note":"","_exactmetrics_sitenote_category":0,"footnotes":""},"_links":{"self":[{"href":"http:\/\/reveiletreforme.adventiste.re\/index.php?rest_route=\/wp\/v2\/pages\/10801"}],"collection":[{"href":"http:\/\/reveiletreforme.adventiste.re\/index.php?rest_route=\/wp\/v2\/pages"}],"about":[{"href":"http:\/\/reveiletreforme.adventiste.re\/index.php?rest_route=\/wp\/v2\/types\/page"}],"author":[{"embeddable":true,"href":"http:\/\/reveiletreforme.adventiste.re\/index.php?rest_route=\/wp\/v2\/users\/4"}],"replies":[{"embeddable":true,"href":"http:\/\/reveiletreforme.adventiste.re\/index.php?rest_route=%2Fwp%2Fv2%2Fcomments&post=10801"}],"version-history":[{"count":320,"href":"http:\/\/reveiletreforme.adventiste.re\/index.php?rest_route=\/wp\/v2\/pages\/10801\/revisions"}],"predecessor-version":[{"id":17031,"href":"http:\/\/reveiletreforme.adventiste.re\/index.php?rest_route=\/wp\/v2\/pages\/10801\/revisions\/17031"}],"wp:attachment":[{"href":"http:\/\/reveiletreforme.adventiste.re\/index.php?rest_route=%2Fwp%2Fv2%2Fmedia&parent=10801"}],"curies":[{"name":"wp","href":"https:\/\/api.w.org\/{rel}","templated":true}]}}